{"id":18,"date":"2023-05-17T10:19:21","date_gmt":"2023-05-17T07:19:21","guid":{"rendered":"https:\/\/erenlerenerji.com\/?page_id=18"},"modified":"2024-09-20T11:29:52","modified_gmt":"2024-09-20T08:29:52","slug":"degirmen","status":"publish","type":"page","link":"https:\/\/erenlerenerji.com\/index.php\/degirmen\/","title":{"rendered":"De\u011firmen HES"},"content":{"rendered":"<div data-colibri-id=\"18-c1\" class=\"style-438 style-local-18-c1 position-relative\">\n  <!----><\/p>\n<div data-colibri-component=\"section\" data-colibri-id=\"18-c6\" id=\"custom\" class=\"h-section h-section-global-spacing d-flex align-items-lg-center align-items-md-center align-items-center style-443 style-local-18-c6 position-relative\">\n    <!----><br \/>\n    <!----><\/p>\n<div class=\"h-section-grid-container h-section-boxed-container\">\n      <!----><\/p>\n<div data-colibri-id=\"18-c7\" class=\"h-row-container gutters-row-lg-2 gutters-row-md-2 gutters-row-0 gutters-row-v-lg-2 gutters-row-v-md-2 gutters-row-v-2 style-444 style-local-18-c7 position-relative\">\n        <!----><\/p>\n<div class=\"h-row justify-content-lg-center justify-content-md-center justify-content-center align-items-lg-stretch align-items-md-stretch align-items-stretch gutters-col-lg-2 gutters-col-md-2 gutters-col-0 gutters-col-v-lg-2 gutters-col-v-md-2 gutters-col-v-2\">\n          <!----><\/p>\n<div class=\"h-column h-column-container d-flex h-col-lg-auto h-col-md-auto h-col-auto style-445-outer style-local-18-c8-outer\">\n<div data-colibri-id=\"18-c8\" class=\"d-flex h-flex-basis h-column__inner h-px-lg-2 h-px-md-2 h-px-2 v-inner-lg-2 v-inner-md-2 v-inner-2 style-445 style-local-18-c8 position-relative\">\n              <!----><br \/>\n              <!----><\/p>\n<div class=\"w-100 h-y-container h-column__content h-column__v-align flex-basis-100 align-self-lg-start align-self-md-start align-self-start\">\n                <!----><\/p>\n<div data-colibri-id=\"18-c9\" class=\"h-text h-text-component style-446 style-local-18-c9 position-relative h-element\">\n                  <!----><br \/>\n                  <!----><\/p>\n<div class=\"\">\n<p><strong>De\u011firmen Reg\u00fclat\u00f6r\u00fc ve HES Projesi, Akdeniz b\u00f6lgesinde&nbsp;Antalya iline ba\u011fl\u0131 Akseki&nbsp;il\u00e7esi&nbsp;g\u00fcm\u00fc\u015f damla k\u00f6y\u00fcn\u00fcn&nbsp;kuzeyinde, De\u011firmen dere \u00fczeninde bulunmaktad\u0131r.1\/25 000 \u00f6l\u00e7ekli Konya N27-d2 nolu paftas\u0131nda,310040\u2019~Dogu boylamlar\u0131 ve 37012\u2019~37020 Kuzey eylemleri aras\u0131nda yer alan yap\u0131n\u0131n amac\u0131 de\u011firmen dere ve kalyonlar\u0131n\u0131n sular\u0131ndan enerji \u00fcretmektir.<\/strong><\/p>\n<p><strong>De\u011firmen Reg\u00fclat\u00f6r\u00fc ve HES proje formalasyona g\u00f6re&nbsp;g\u00fcm\u00fc\u015f damla k\u00f6y\u00fcn\u00fcn yakla\u015f\u0131k 3 km kuzeyinde 937.10 m telve kotunda De\u011firmen dere sular\u0131, sol sahilde in\u015fa edilmi\u015ftir&nbsp;ve \u00e7\u00f6kerttim havuzundan ge\u00e7irildikten sonra iletim kanal\u0131 ve 1080m nal tipi t\u00fcneline ula\u015fmaktad\u0131r. T\u00fcnel sonunda in\u015fa edilmi\u015f olan y\u00fckleme havuzuna depolanan sular uzunlu\u011fu&nbsp;338.00 m, \u00e7ap\u0131 1.40m cebri boru vas\u0131tas\u0131yla 815.00 m kuyruk suyu kotundaki De\u011firmen Hidro Elektrik Santrali, d\u00fc\u015f\u00fcr\u00fcnen proje debisi enerji \u00fcretiminde kullan\u0131ld\u0131ktan sonra kuruk suyu kanal\u0131 ile De\u011firmen dereye geri b\u0131rak\u0131lmaktad\u0131r<\/strong>.&nbsp;<strong>T\u00fcrbin eksen kotu 814.85 \u2018dir. Proje debisi ve br\u00fct d\u00fc\u015f\u00fc 125 m olup iki adet&nbsp;yatay eksenli Francis t\u00fcrbin bulunmakta (3,400+3,400) Mwe kapasiteli santralin kurulu g\u00fcc\u00fc toplam 6.840 Mwe&#8217;dir.<\/strong><\/p>\n<p>\n                      \n                    <\/p>\n<\/p><\/div>\n<\/p><\/div>\n<\/p><\/div>\n<\/p><\/div>\n<\/p><\/div>\n<\/p><\/div>\n<\/p><\/div>\n<\/p><\/div>\n<\/p><\/div>\n<\/div>\n","protected":false},"excerpt":{"rendered":"<p>De\u011firmen Reg\u00fclat\u00f6r\u00fc ve HES Projesi, Akdeniz b\u00f6lgesinde&nbsp;Antalya iline ba\u011fl\u0131 Akseki&nbsp;il\u00e7esi&nbsp;g\u00fcm\u00fc\u015f damla k\u00f6y\u00fcn\u00fcn&nbsp;kuzeyinde, De\u011firmen dere \u00fczeninde bulunmaktad\u0131r.1\/25 000 \u00f6l\u00e7ekli Konya N27-d2 nolu paftas\u0131nda,310040\u2019~Dogu boylamlar\u0131 ve 37012\u2019~37020 Kuzey eylemleri aras\u0131nda yer alan yap\u0131n\u0131n amac\u0131 de\u011firmen dere ve kalyonlar\u0131n\u0131n sular\u0131ndan enerji \u00fcretmektir. De\u011firmen Reg\u00fclat\u00f6r\u00fc ve HES proje formalasyona g\u00f6re&nbsp;g\u00fcm\u00fc\u015f damla k\u00f6y\u00fcn\u00fcn yakla\u015f\u0131k 3 km kuzeyinde 937.10 m telve&hellip;&nbsp;<a href=\"https:\/\/erenlerenerji.com\/index.php\/degirmen\/\" rel=\"bookmark\">Daha fazlas\u0131n\u0131 oku &raquo;<span class=\"screen-reader-text\">De\u011firmen HES<\/span><\/a><\/p>\n","protected":false},"author":1,"featured_media":0,"parent":0,"menu_order":0,"comment_status":"closed","ping_status":"closed","template":"page-templates\/full-width-page.php","meta":{"_uag_custom_page_level_css":"","neve_meta_sidebar":"","neve_meta_container":"","neve_meta_enable_content_width":"","neve_meta_content_width":0,"neve_meta_title_alignment":"","neve_meta_author_avatar":"","neve_post_elements_order":"","neve_meta_disable_header":"","neve_meta_disable_footer":"","neve_meta_disable_title":"","_themeisle_gutenberg_block_has_review":false,"footnotes":""},"class_list":["post-18","page","type-page","status-publish","hentry"],"uagb_featured_image_src":{"full":false,"thumbnail":false,"medium":false,"medium_large":false,"large":false,"1536x1536":false,"2048x2048":false,"neve-blog":false},"uagb_author_info":{"display_name":"ES","author_link":"https:\/\/erenlerenerji.com\/index.php\/author\/ersel-sengulayduran-com\/"},"uagb_comment_info":0,"uagb_excerpt":"De\u011firmen Reg\u00fclat\u00f6r\u00fc ve HES Projesi, Akdeniz b\u00f6lgesinde&nbsp;Antalya iline ba\u011fl\u0131 Akseki&nbsp;il\u00e7esi&nbsp;g\u00fcm\u00fc\u015f damla k\u00f6y\u00fcn\u00fcn&nbsp;kuzeyinde, De\u011firmen dere \u00fczeninde bulunmaktad\u0131r.1\/25 000 \u00f6l\u00e7ekli Konya N27-d2 nolu paftas\u0131nda,310040\u2019~Dogu boylamlar\u0131 ve 37012\u2019~37020 Kuzey eylemleri aras\u0131nda yer alan yap\u0131n\u0131n amac\u0131 de\u011firmen dere ve kalyonlar\u0131n\u0131n sular\u0131ndan enerji \u00fcretmektir. De\u011firmen Reg\u00fclat\u00f6r\u00fc ve HES proje formalasyona g\u00f6re&nbsp;g\u00fcm\u00fc\u015f damla k\u00f6y\u00fcn\u00fcn yakla\u015f\u0131k 3 km kuzeyinde 937.10 m telve&hellip;&nbsp;Daha&hellip;","_links":{"self":[{"href":"https:\/\/erenlerenerji.com\/index.php\/wp-json\/wp\/v2\/pages\/18","targetHints":{"allow":["GET"]}}],"collection":[{"href":"https:\/\/erenlerenerji.com\/index.php\/wp-json\/wp\/v2\/pages"}],"about":[{"href":"https:\/\/erenlerenerji.com\/index.php\/wp-json\/wp\/v2\/types\/page"}],"author":[{"embeddable":true,"href":"https:\/\/erenlerenerji.com\/index.php\/wp-json\/wp\/v2\/users\/1"}],"replies":[{"embeddable":true,"href":"https:\/\/erenlerenerji.com\/index.php\/wp-json\/wp\/v2\/comments?post=18"}],"version-history":[{"count":5,"href":"https:\/\/erenlerenerji.com\/index.php\/wp-json\/wp\/v2\/pages\/18\/revisions"}],"predecessor-version":[{"id":490,"href":"https:\/\/erenlerenerji.com\/index.php\/wp-json\/wp\/v2\/pages\/18\/revisions\/490"}],"wp:attachment":[{"href":"https:\/\/erenlerenerji.com\/index.php\/wp-json\/wp\/v2\/media?parent=18"}],"curies":[{"name":"wp","href":"https:\/\/api.w.org\/{rel}","templated":true}]}}