{"id":19,"date":"2023-05-17T10:19:21","date_gmt":"2023-05-17T07:19:21","guid":{"rendered":"https:\/\/erenlerenerji.com\/?page_id=19"},"modified":"2024-09-20T11:16:33","modified_gmt":"2024-09-20T08:16:33","slug":"erenler-hes","status":"publish","type":"page","link":"https:\/\/erenlerenerji.com\/index.php\/erenler-hes\/","title":{"rendered":"Erenler HES"},"content":{"rendered":"<div data-colibri-id=\"19-c1\" class=\"style-428 style-local-19-c1 position-relative\">\n  <!----><\/p>\n<div data-colibri-component=\"section\" data-colibri-id=\"19-c2\" id=\"initial-content\" class=\"h-section h-section-global-spacing d-flex align-items-lg-center align-items-md-center align-items-center style-429 style-local-19-c2 position-relative\">\n    <!----><br \/>\n    <!----><\/p>\n<div class=\"h-section-grid-container h-section-boxed-container\">\n      <!----><\/p>\n<div data-colibri-id=\"19-c6\" class=\"h-row-container gutters-row-lg-2 gutters-row-md-2 gutters-row-0 gutters-row-v-lg-2 gutters-row-v-md-2 gutters-row-v-2 style-433 style-local-19-c6 position-relative\">\n        <!----><\/p>\n<div class=\"h-row justify-content-lg-center justify-content-md-center justify-content-center align-items-lg-stretch align-items-md-stretch align-items-stretch gutters-col-lg-2 gutters-col-md-2 gutters-col-0 gutters-col-v-lg-2 gutters-col-v-md-2 gutters-col-v-2\">\n          <!----><\/p>\n<div class=\"h-column h-column-container d-flex h-col-lg-auto h-col-md-auto h-col-auto style-434-outer style-local-19-c7-outer\">\n<div data-colibri-id=\"19-c7\" class=\"d-flex h-flex-basis h-column__inner h-px-lg-2 h-px-md-2 h-px-2 v-inner-lg-2 v-inner-md-2 v-inner-2 style-434 style-local-19-c7 position-relative\">\n              <!----><br \/>\n              <!----><\/p>\n<div class=\"w-100 h-y-container h-column__content h-column__v-align flex-basis-100 align-self-lg-start align-self-md-start align-self-start\">\n                <!----><\/p>\n<div data-colibri-id=\"19-c12\" class=\"h-text h-text-component style-437 style-local-19-c12 position-relative h-element\">\n                  <!----><br \/>\n                  <!----><\/p>\n<div class=\"\">\n<p><strong>Erenler Hidroelektrik Santrali proje sahas\u0131, T\u00fcrkiye\u2019nin kuzeydo\u011fusunda Artvin ili ile Bor\u00e7ka il\u00e7esi aras\u0131nda bulunan b\u00f6lgede ve yakla\u015f\u0131k olarak 41<\/strong><br \/>\n                      <sup><strong>o<\/strong><\/sup><strong>&nbsp;46<\/strong><br \/>\n                      <sup><strong>\u0131<\/strong><\/sup><strong>&nbsp;27<\/strong><br \/>\n                      <sup><strong>\u0131\u0131&nbsp;<\/strong><\/sup><strong>\u2013 41<\/strong><br \/>\n                      <sup><strong>o<\/strong><\/sup><strong>&nbsp;50<\/strong><br \/>\n                      <sup><strong>\u0131<\/strong><\/sup><strong>&nbsp;04<\/strong><br \/>\n                      <sup><strong>\u0131\u0131&nbsp;<\/strong><\/sup><strong>kuzey enlemleri ile 41<\/strong><br \/>\n                      <sup><strong>o<\/strong><\/sup><strong>&nbsp;18<\/strong><br \/>\n                      <sup><strong>\u0131<\/strong><\/sup><strong>&nbsp;25<\/strong><br \/>\n                      <sup><strong>\u0131\u0131<\/strong><\/sup><strong>&nbsp;\u2013 41<\/strong><br \/>\n                      <sup><strong>o<\/strong><\/sup><strong>&nbsp;15<\/strong><br \/>\n                      <sup><strong>\u0131<\/strong><\/sup><strong>&nbsp;46<\/strong><br \/>\n                      <sup><strong>\u0131\u0131<\/strong><\/sup><strong>&nbsp;do\u011fu boylamlar\u0131 aras\u0131nda yer almaktad\u0131r. Yukar\u0131da s\u0131n\u0131rlar\u0131 verilen proje sahas\u0131na en yak\u0131n yerle\u015fim birimi Bor\u00e7ka \u0130l\u00e7esi&nbsp;ve&nbsp;Artvin \u0130li\u2019dir.<\/strong><\/p>\n<p><strong>Erenler HES, \u00c7oruh Nehri\u2019nin kolu olan Deviskel Deresi sular\u0131n\u0131 656 kotlar\u0131nda&nbsp;Erenler reg\u00fclat\u00f6r\u00fc ile \u00e7evirip, iletim sistemi ile \u00c7oruh Nehri vadisinde planlanan Erenler santral\u0131na ileterek 470.2 m\u2019lik br\u00fct d\u00fc\u015f\u00fcy\u00fc de\u011ferlendimektedir.<\/strong><\/p>\n<p>\n                      \n                    <\/p>\n<\/p><\/div>\n<\/p><\/div>\n<\/p><\/div>\n<\/p><\/div>\n<\/p><\/div>\n<\/p><\/div>\n<\/p><\/div>\n<\/p><\/div>\n<\/p><\/div>\n<\/div>\n","protected":false},"excerpt":{"rendered":"<p>Erenler Hidroelektrik Santrali proje sahas\u0131, T\u00fcrkiye\u2019nin kuzeydo\u011fusunda Artvin ili ile Bor\u00e7ka il\u00e7esi aras\u0131nda bulunan b\u00f6lgede ve yakla\u015f\u0131k olarak 41 o&nbsp;46 \u0131&nbsp;27 \u0131\u0131&nbsp;\u2013 41 o&nbsp;50 \u0131&nbsp;04 \u0131\u0131&nbsp;kuzey enlemleri ile 41 o&nbsp;18 \u0131&nbsp;25 \u0131\u0131&nbsp;\u2013 41 o&nbsp;15 \u0131&nbsp;46 \u0131\u0131&nbsp;do\u011fu boylamlar\u0131 aras\u0131nda yer almaktad\u0131r. Yukar\u0131da s\u0131n\u0131rlar\u0131 verilen proje sahas\u0131na en yak\u0131n yerle\u015fim birimi Bor\u00e7ka \u0130l\u00e7esi&nbsp;ve&nbsp;Artvin \u0130li\u2019dir. Erenler HES, \u00c7oruh&hellip;&nbsp;<a href=\"https:\/\/erenlerenerji.com\/index.php\/erenler-hes\/\" rel=\"bookmark\">Daha fazlas\u0131n\u0131 oku &raquo;<span class=\"screen-reader-text\">Erenler HES<\/span><\/a><\/p>\n","protected":false},"author":1,"featured_media":0,"parent":0,"menu_order":0,"comment_status":"closed","ping_status":"closed","template":"page-templates\/full-width-page.php","meta":{"_uag_custom_page_level_css":"","neve_meta_sidebar":"","neve_meta_container":"","neve_meta_enable_content_width":"","neve_meta_content_width":0,"neve_meta_title_alignment":"","neve_meta_author_avatar":"","neve_post_elements_order":"","neve_meta_disable_header":"","neve_meta_disable_footer":"","neve_meta_disable_title":"","_themeisle_gutenberg_block_has_review":false,"footnotes":""},"class_list":["post-19","page","type-page","status-publish","hentry"],"uagb_featured_image_src":{"full":false,"thumbnail":false,"medium":false,"medium_large":false,"large":false,"1536x1536":false,"2048x2048":false,"neve-blog":false},"uagb_author_info":{"display_name":"ES","author_link":"https:\/\/erenlerenerji.com\/index.php\/author\/ersel-sengulayduran-com\/"},"uagb_comment_info":0,"uagb_excerpt":"Erenler Hidroelektrik Santrali proje sahas\u0131, T\u00fcrkiye\u2019nin kuzeydo\u011fusunda Artvin ili ile Bor\u00e7ka il\u00e7esi aras\u0131nda bulunan b\u00f6lgede ve yakla\u015f\u0131k olarak 41 o&nbsp;46 \u0131&nbsp;27 \u0131\u0131&nbsp;\u2013 41 o&nbsp;50 \u0131&nbsp;04 \u0131\u0131&nbsp;kuzey enlemleri ile 41 o&nbsp;18 \u0131&nbsp;25 \u0131\u0131&nbsp;\u2013 41 o&nbsp;15 \u0131&nbsp;46 \u0131\u0131&nbsp;do\u011fu boylamlar\u0131 aras\u0131nda yer almaktad\u0131r. Yukar\u0131da s\u0131n\u0131rlar\u0131 verilen proje sahas\u0131na en yak\u0131n yerle\u015fim birimi Bor\u00e7ka \u0130l\u00e7esi&nbsp;ve&nbsp;Artvin \u0130li\u2019dir. Erenler HES, \u00c7oruh&hellip;&nbsp;Daha&hellip;","_links":{"self":[{"href":"https:\/\/erenlerenerji.com\/index.php\/wp-json\/wp\/v2\/pages\/19","targetHints":{"allow":["GET"]}}],"collection":[{"href":"https:\/\/erenlerenerji.com\/index.php\/wp-json\/wp\/v2\/pages"}],"about":[{"href":"https:\/\/erenlerenerji.com\/index.php\/wp-json\/wp\/v2\/types\/page"}],"author":[{"embeddable":true,"href":"https:\/\/erenlerenerji.com\/index.php\/wp-json\/wp\/v2\/users\/1"}],"replies":[{"embeddable":true,"href":"https:\/\/erenlerenerji.com\/index.php\/wp-json\/wp\/v2\/comments?post=19"}],"version-history":[{"count":3,"href":"https:\/\/erenlerenerji.com\/index.php\/wp-json\/wp\/v2\/pages\/19\/revisions"}],"predecessor-version":[{"id":483,"href":"https:\/\/erenlerenerji.com\/index.php\/wp-json\/wp\/v2\/pages\/19\/revisions\/483"}],"wp:attachment":[{"href":"https:\/\/erenlerenerji.com\/index.php\/wp-json\/wp\/v2\/media?parent=19"}],"curies":[{"name":"wp","href":"https:\/\/api.w.org\/{rel}","templated":true}]}}